{"id":97,"date":"2026-04-24T08:48:56","date_gmt":"2026-04-24T06:48:56","guid":{"rendered":"https:\/\/melat.ict-stage.ch\/?page_id=97"},"modified":"2026-05-01T08:18:40","modified_gmt":"2026-05-01T06:18:40","slug":"wissen","status":"publish","type":"page","link":"https:\/\/melat.ict-stage.ch\/index.php\/wissen\/","title":{"rendered":"Wissen"},"content":{"rendered":"<div class=\"et_pb_section_0 et_pb_section et_section_regular et_flex_section preset--group--divi-section--divi-spacing--default\">\n<div class=\"et_pb_row_0 et_pb_row et_flex_row preset--group--divi-row--divi-spacing--default\">\n<div class=\"et_pb_column_0 et_pb_column et-last-child et_flex_column et_pb_css_mix_blend_mode_passthrough et_flex_column_24_24 et_flex_column_24_24_tablet et_flex_column_24_24_phone preset--group--divi-column--divi-spacing--default\">\n<div class=\"et_pb_text_0 et_pb_text et_pb_bg_layout_light et_pb_module et_flex_module et_flex_column_24_24 et_flex_column_24_24_tablet et_flex_column_24_24_phone preset--group--divi-text--divi-spacing--default\"><div class=\"et_pb_text_inner\"><p>WISSEN<\/p>\n<\/div><\/div>\n<\/div>\n<\/div>\n<\/div>\n\n<div class=\"et_pb_section_1 et_pb_section et_section_regular et_flex_section preset--group--divi-section--divi-spacing--default\">\n<div class=\"et_pb_row_1 et_pb_row et_flex_row preset--group--divi-row--divi-spacing--default\">\n<div class=\"et_pb_column_1 et_pb_column et-last-child et_flex_column et_pb_css_mix_blend_mode_passthrough et_flex_column_24_24 et_flex_column_24_24_tablet et_flex_column_24_24_phone preset--group--divi-column--divi-spacing--default\">\n<div class=\"et_pb_text_1 et_pb_text et_pb_bg_layout_light et_pb_module et_flex_module preset--group--divi-text--divi-spacing--default\"><div class=\"et_pb_text_inner\"><p>Fakten \u00fcber Norwegen<\/p>\n<\/div><\/div>\n<\/div>\n<\/div>\n<\/div>\n\n<div class=\"et_pb_section_2 et_pb_section et_section_regular et_flex_section preset--group--divi-section--divi-spacing--default\">\n<div class=\"et_pb_row_2 et_pb_row et_flex_row preset--group--divi-row--divi-spacing--default\">\n<div class=\"et_pb_column_2 et_pb_column et_flex_column et_pb_css_mix_blend_mode_passthrough et_flex_column_8_24 et_flex_column_8_24_tablet et_flex_column_24_24_phone preset--group--divi-column--divi-spacing--default\">\n<div class=\"et_pb_text_2 et_pb_text et_pb_bg_layout_light et_pb_module et_flex_module preset--group--divi-text--divi-spacing--default\"><div class=\"et_pb_text_inner\" data-et-mv-hidden-phone=\"true\"><p>1W190 Fjorde pr\u00e4gen die K\u00fcste Norwegens, darunter der ber\u00fchmte Geirangerfjord, der zum UNESCO-Weltnaturerbe geh\u00f6rt.<\/p>\n<\/div><\/div>\n<\/div>\n\n<div class=\"et_pb_column_3 et_pb_column et_flex_column et_pb_css_mix_blend_mode_passthrough et_flex_column_8_24 et_flex_column_8_24_tablet et_flex_column_24_24_phone preset--group--divi-column--divi-spacing--default\">\n<div class=\"et_pb_text_3 et_pb_text et_pb_bg_layout_light et_pb_module et_flex_module preset--group--divi-text--divi-spacing--default\"><div class=\"et_pb_text_inner\"><p>25000 Kilometer K\u00fcstenlinie \u2013 perfekt f\u00fcr Entdeckungen per Schiff, Kayak oder beim Angeln.<\/p>\n<\/div><\/div>\n<\/div>\n\n<div class=\"et_pb_column_4 et_pb_column et-last-child et_flex_column et_pb_css_mix_blend_mode_passthrough et_flex_column_8_24 et_flex_column_8_24_tablet et_flex_column_24_24_phone preset--group--divi-column--divi-spacing--default\">\n<div class=\"et_pb_text_4 et_pb_text et_pb_bg_layout_light et_pb_module et_flex_module preset--group--divi-text--divi-spacing--default\"><div class=\"et_pb_text_inner\"><p>200 klare N\u00e4chte pro Jahr - Die Chance, die Polarlichter zu sehen, ist im Winter besonders hoch.<\/p>\n<\/div><\/div>\n<\/div>\n<\/div>\n<\/div>\n\n<div class=\"et_pb_section_3 et_pb_section et_section_regular et_flex_section preset--group--divi-section--divi-spacing--default\">\n<div class=\"et_pb_row_3 et_pb_row et_flex_row preset--group--divi-row--divi-spacing--default\">\n<div class=\"et_pb_column_5 et_pb_column et_flex_column et_pb_css_mix_blend_mode_passthrough et_flex_column_12_24 et_flex_column_12_24_tablet et_flex_column_24_24_phone preset--group--divi-column--divi-spacing--default\">\n<div class=\"et_pb_text_5 et_pb_text et_pb_bg_layout_light et_pb_module et_flex_module preset--group--divi-text--divi-spacing--default\"><div class=\"et_pb_text_inner\"><p>46 Nationalparks laden dazu ein, Norwegens atemberaubende Natur zu Fuss oder mit dem Fahrrad zu erkunden.<\/p>\n<\/div><\/div>\n<\/div>\n\n<div class=\"et_pb_column_6 et_pb_column et-last-child et_flex_column et_pb_css_mix_blend_mode_passthrough et_flex_column_12_24 et_flex_column_12_24_tablet et_flex_column_24_24_phone preset--group--divi-column--divi-spacing--default\">\n<div class=\"et_pb_text_6 et_pb_text et_pb_bg_layout_light et_pb_module et_flex_module preset--group--divi-text--divi-spacing--default\"><div class=\"et_pb_text_inner\"><p>24h Tageslicht - geniessen Sie Mitternachtssonne im Sommer.<\/p>\n<\/div><\/div>\n<\/div>\n<\/div>\n<\/div>\n\n<div class=\"et_pb_section_4 et_pb_section et_section_regular et_flex_section preset--group--divi-section--divi-spacing--default\">\n<div class=\"et_pb_row_4 et_pb_row et_flex_row preset--group--divi-row--divi-spacing--default\">\n<div class=\"et_pb_column_7 et_pb_column et-last-child et_flex_column et_pb_css_mix_blend_mode_passthrough et_flex_column_24_24 et_flex_column_24_24_tablet et_flex_column_24_24_phone preset--group--divi-column--divi-spacing--default\">\n<div class=\"et_pb_text_7 et_pb_text et_pb_bg_layout_dark et_pb_module et_flex_module preset--group--divi-text--divi-spacing--default\"><div class=\"et_pb_text_inner\"><p>Tauchen Sie ein in Norwegens reiche Kultur<\/p>\n<\/div><\/div>\n<\/div>\n<\/div>\n<\/div>\n\n<div class=\"et_pb_section_5 et_pb_section et_section_regular et_flex_section preset--group--divi-section--divi-spacing--default\">\n<div class=\"et_pb_row_5 et_pb_row et_flex_row preset--group--divi-row--divi-spacing--default\">\n<div class=\"et_pb_column_8 et_pb_column et_flex_column et_pb_css_mix_blend_mode_passthrough et_flex_column_12_24 et_flex_column_12_24_tablet et_flex_column_24_24_phone preset--group--divi-column--divi-spacing--default\">\n<div class=\"et_pb_image_0 et_pb_image et_pb_module et_flex_module preset--group--divi-image--divi-spacing--default\"><span class=\"et_pb_image_wrap\"><img loading=\"lazy\" decoding=\"async\" src=\"https:\/\/melat.ict-stage.ch\/wp-content\/uploads\/2026\/04\/NOR_60.jpg\" title=\"NOR_60\" width=\"1500\" height=\"2250\" srcset=\"https:\/\/melat.ict-stage.ch\/wp-content\/uploads\/2026\/04\/NOR_60.jpg 1500w\" sizes=\"(max-width: 1500px) 100vw, 1500px\" class=\"wp-image-79\" \/><\/span><\/div>\n<\/div>\n\n<div class=\"et_pb_column_9 et_pb_column et-last-child et_flex_column et_pb_css_mix_blend_mode_passthrough et_flex_column_12_24 et_flex_column_12_24_tablet et_flex_column_24_24_phone preset--group--divi-column--divi-spacing--default\">\n<div class=\"et_pb_text_8 et_pb_text et_pb_bg_layout_dark et_pb_module et_flex_module preset--group--divi-text--divi-spacing--default\"><div class=\"et_pb_text_inner\" data-et-mv-hidden-phone=\"true\"><p>&nbsp;<\/p>\n<p>Norwegen begeistert nicht nur mit atemberaubender Natur, sondern auch mit einer tief verwurzelten Kultur, die Tradition und Moderne verbindet. Jede Reise nach Norwegen ist auch eine kulturelle Entdeckungsreise.<\/p>\n<\/div><\/div>\n\n<div class=\"et_pb_text_9 et_pb_text et_pb_bg_layout_dark et_pb_module et_flex_module preset--group--divi-text--divi-spacing--default\"><div class=\"et_pb_text_inner\" data-et-mv-hidden-phone=\"true\"><p>&nbsp;<\/p>\n<p><a href=\"https:\/\/melat.ict-stage.ch\/index.php\/kultur\/?et_fb=1&amp;PageSpeed=off\" target=\"_blank\" rel=\"noopener\" title=\"KULTUR\">KULTUR<\/a><\/p>\n<\/div><\/div>\n<\/div>\n<\/div>\n<\/div>\n\n<div class=\"et_pb_section_6 et_pb_section et_section_regular et_flex_section preset--group--divi-section--divi-spacing--default\">\n<div class=\"et_pb_row_6 et_pb_row et_flex_row preset--group--divi-row--divi-spacing--default\">\n<div class=\"et_pb_column_10 et_pb_column et-last-child et_flex_column et_pb_css_mix_blend_mode_passthrough et_flex_column_24_24 et_flex_column_24_24_tablet et_flex_column_24_24_phone preset--group--divi-column--divi-spacing--default\">\n<div class=\"et_pb_text_10 et_pb_text et_pb_bg_layout_light et_pb_module et_flex_module preset--group--divi-text--divi-spacing--default\"><div class=\"et_pb_text_inner\"><p>Ihre Reise in den Norden leicht gemacht<\/p>\n<\/div><\/div>\n<\/div>\n<\/div>\n<\/div>\n\n<div class=\"et_pb_section_7 et_pb_section et_section_regular et_flex_section preset--group--divi-section--divi-spacing--default\">\n<div class=\"et_pb_row_7 et_pb_row et_flex_row preset--group--divi-row--divi-spacing--default\">\n<div class=\"et_pb_column_11 et_pb_column et-last-child et_flex_column et_pb_css_mix_blend_mode_passthrough et_flex_column_24_24 et_flex_column_24_24_tablet et_flex_column_24_24_phone preset--group--divi-column--divi-spacing--default\">\n<div class=\"et_pb_text_11 et_pb_text et_pb_bg_layout_light et_pb_module et_flex_module preset--group--divi-text--divi-spacing--default\"><div class=\"et_pb_text_inner\"><p>Egal, ob Sie lieber mit dem Flugzeug, der F\u00e4hre oder dem Zug reisen \u2013 wir helfen Ihnen, den besten Weg nach Norwegen zu finden. Unser Team steht Ihnen mit Rat und Tat zur Seite, um Ihre Anreise so angenehm wie m\u00f6glich zu gestalten. Mit einer Vielzahl an Direktfl\u00fcgen aus vielen europ\u00e4ischen St\u00e4dten sowie traumhaften Schiffs- und Zugverbindungen ist Norwegen schnell und bequem erreichbar. Geniessen Sie Ihre Reise schon ab dem ersten Moment.<\/p>\n<\/div><\/div>\n<\/div>\n<\/div>\n<\/div>","protected":false},"excerpt":{"rendered":"","protected":false},"author":1,"featured_media":0,"parent":0,"menu_order":0,"comment_status":"closed","ping_status":"closed","template":"","meta":{"footnotes":""},"class_list":["post-97","page","type-page","status-publish","hentry"],"_links":{"self":[{"href":"https:\/\/melat.ict-stage.ch\/index.php\/wp-json\/wp\/v2\/pages\/97","targetHints":{"allow":["GET"]}}],"collection":[{"href":"https:\/\/melat.ict-stage.ch\/index.php\/wp-json\/wp\/v2\/pages"}],"about":[{"href":"https:\/\/melat.ict-stage.ch\/index.php\/wp-json\/wp\/v2\/types\/page"}],"author":[{"embeddable":true,"href":"https:\/\/melat.ict-stage.ch\/index.php\/wp-json\/wp\/v2\/users\/1"}],"replies":[{"embeddable":true,"href":"https:\/\/melat.ict-stage.ch\/index.php\/wp-json\/wp\/v2\/comments?post=97"}],"version-history":[{"count":39,"href":"https:\/\/melat.ict-stage.ch\/index.php\/wp-json\/wp\/v2\/pages\/97\/revisions"}],"predecessor-version":[{"id":1086,"href":"https:\/\/melat.ict-stage.ch\/index.php\/wp-json\/wp\/v2\/pages\/97\/revisions\/1086"}],"wp:attachment":[{"href":"https:\/\/melat.ict-stage.ch\/index.php\/wp-json\/wp\/v2\/media?parent=97"}],"curies":[{"name":"wp","href":"https:\/\/api.w.org\/{rel}","templated":true}]}}