{"id":644,"date":"2026-04-30T08:14:02","date_gmt":"2026-04-30T06:14:02","guid":{"rendered":"https:\/\/melat.ict-stage.ch\/?page_id=644"},"modified":"2026-05-01T08:57:59","modified_gmt":"2026-05-01T06:57:59","slug":"nordische-kueche-ein-fest-fuer-die-sinne","status":"publish","type":"page","link":"https:\/\/melat.ict-stage.ch\/index.php\/nordische-kueche-ein-fest-fuer-die-sinne\/","title":{"rendered":"Nordische K\u00fcche \u2013 ein Fest f\u00fcr die Sinne"},"content":{"rendered":"<div class=\"et_pb_section_0 et_pb_section et_section_regular et_flex_section preset--group--divi-section--divi-spacing--default\">\n<div class=\"et_pb_row_0 et_pb_row et_flex_row preset--group--divi-row--divi-spacing--default\">\n<div class=\"et_pb_column_0 et_pb_column et-last-child et_flex_column et_pb_css_mix_blend_mode_passthrough et_flex_column_24_24 et_flex_column_24_24_tablet et_flex_column_24_24_phone preset--group--divi-column--divi-spacing--default\">\n<div class=\"et_pb_text_0 et_pb_text et_pb_bg_layout_light et_pb_module et_flex_module preset--group--divi-text--divi-spacing--default\"><div class=\"et_pb_text_inner\"><p>Frisch, einfach und unvergesslich lecker: Die norwegische K\u00fcche besticht durch ihre Einfachheit und die Qualit\u00e4t der regionalen Zutaten.<\/p>\n<p>Geniessen Sie fangfrischen Fisch, k\u00f6stliche Meeresfr\u00fcchte und traditionelle Gerichte wie \u201eR\u00f8mmegr\u00f8t\u201c oder \u201eKlippfisk\u201c.<\/p>\n<p>Lernen Sie die Geheimnisse der nordischen K\u00fcche kennen, besuchen Sie gem\u00fctliche Fischrestaurants an der K\u00fcste oder probieren Sie Streetfood in den lebendigen St\u00e4dten. F\u00fcr jeden Geschmack ist etwas dabei \u2013 lassen Sie sich \u00fcberraschen!\u00a0<\/p>\n<\/div><\/div>\n\n<div class=\"et_pb_image_0 et_pb_image et_pb_module et_flex_module preset--group--divi-image--divi-spacing--default\"><span class=\"et_pb_image_wrap\"><img loading=\"lazy\" decoding=\"async\" src=\"https:\/\/melat.ict-stage.ch\/wp-content\/uploads\/2026\/04\/NOR_64.jpg\" title=\"NOR_64\" width=\"1500\" height=\"1000\" srcset=\"https:\/\/melat.ict-stage.ch\/wp-content\/uploads\/2026\/04\/NOR_64.jpg 1500w\" sizes=\"(max-width: 1500px) 100vw, 1500px\" class=\"wp-image-83\" \/><\/span><\/div>\n<\/div>\n<\/div>\n<\/div>","protected":false},"excerpt":{"rendered":"","protected":false},"author":1,"featured_media":0,"parent":0,"menu_order":0,"comment_status":"closed","ping_status":"closed","template":"","meta":{"footnotes":""},"class_list":["post-644","page","type-page","status-publish","hentry"],"_links":{"self":[{"href":"https:\/\/melat.ict-stage.ch\/index.php\/wp-json\/wp\/v2\/pages\/644","targetHints":{"allow":["GET"]}}],"collection":[{"href":"https:\/\/melat.ict-stage.ch\/index.php\/wp-json\/wp\/v2\/pages"}],"about":[{"href":"https:\/\/melat.ict-stage.ch\/index.php\/wp-json\/wp\/v2\/types\/page"}],"author":[{"embeddable":true,"href":"https:\/\/melat.ict-stage.ch\/index.php\/wp-json\/wp\/v2\/users\/1"}],"replies":[{"embeddable":true,"href":"https:\/\/melat.ict-stage.ch\/index.php\/wp-json\/wp\/v2\/comments?post=644"}],"version-history":[{"count":7,"href":"https:\/\/melat.ict-stage.ch\/index.php\/wp-json\/wp\/v2\/pages\/644\/revisions"}],"predecessor-version":[{"id":1213,"href":"https:\/\/melat.ict-stage.ch\/index.php\/wp-json\/wp\/v2\/pages\/644\/revisions\/1213"}],"wp:attachment":[{"href":"https:\/\/melat.ict-stage.ch\/index.php\/wp-json\/wp\/v2\/media?parent=644"}],"curies":[{"name":"wp","href":"https:\/\/api.w.org\/{rel}","templated":true}]}}