{"id":636,"date":"2026-04-30T08:13:10","date_gmt":"2026-04-30T06:13:10","guid":{"rendered":"https:\/\/melat.ict-stage.ch\/?page_id=636"},"modified":"2026-05-01T08:56:31","modified_gmt":"2026-05-01T06:56:31","slug":"kulinarik-tradition-trifft-innovation","status":"publish","type":"page","link":"https:\/\/melat.ict-stage.ch\/index.php\/kulinarik-tradition-trifft-innovation\/","title":{"rendered":"Kulinarik \u2013 Tradition trifft Innovation"},"content":{"rendered":"<div class=\"et_pb_section_0 et_pb_section et_section_regular et_flex_section preset--group--divi-section--divi-spacing--default\">\n<div class=\"et_pb_row_0 et_pb_row et_flex_row preset--group--divi-row--divi-spacing--default\">\n<div class=\"et_pb_column_0 et_pb_column et-last-child et_flex_column et_pb_css_mix_blend_mode_passthrough et_flex_column_24_24 et_flex_column_24_24_tablet et_flex_column_24_24_phone preset--group--divi-column--divi-spacing--default\">\n<div class=\"et_pb_text_0 et_pb_text et_pb_bg_layout_dark et_pb_module et_flex_module preset--group--divi-text--divi-spacing--default\"><div class=\"et_pb_text_inner\"><p>Die norwegische K\u00fcche ist bodenst\u00e4ndig und doch raffiniert. Regionale Spezialit\u00e4ten wie \u201eLutefisk\u201c treffen auf moderne Kreationen, die Norwegen international Anerkennung gebracht haben.<\/p>\n<\/div><\/div>\n\n<div class=\"et_pb_image_0 et_pb_image et_pb_module et_flex_module preset--group--divi-image--divi-spacing--default\"><span class=\"et_pb_image_wrap\"><img loading=\"lazy\" decoding=\"async\" src=\"https:\/\/melat.ict-stage.ch\/wp-content\/uploads\/2026\/04\/NOR_51-1.jpg\" title=\"NOR_51\" width=\"1500\" height=\"844\" srcset=\"https:\/\/melat.ict-stage.ch\/wp-content\/uploads\/2026\/04\/NOR_51-1.jpg 1500w\" sizes=\"(max-width: 1500px) 100vw, 1500px\" class=\"wp-image-638\" \/><\/span><\/div>\n<\/div>\n<\/div>\n<\/div>","protected":false},"excerpt":{"rendered":"","protected":false},"author":1,"featured_media":0,"parent":0,"menu_order":0,"comment_status":"closed","ping_status":"closed","template":"","meta":{"footnotes":""},"class_list":["post-636","page","type-page","status-publish","hentry"],"_links":{"self":[{"href":"https:\/\/melat.ict-stage.ch\/index.php\/wp-json\/wp\/v2\/pages\/636","targetHints":{"allow":["GET"]}}],"collection":[{"href":"https:\/\/melat.ict-stage.ch\/index.php\/wp-json\/wp\/v2\/pages"}],"about":[{"href":"https:\/\/melat.ict-stage.ch\/index.php\/wp-json\/wp\/v2\/types\/page"}],"author":[{"embeddable":true,"href":"https:\/\/melat.ict-stage.ch\/index.php\/wp-json\/wp\/v2\/users\/1"}],"replies":[{"embeddable":true,"href":"https:\/\/melat.ict-stage.ch\/index.php\/wp-json\/wp\/v2\/comments?post=636"}],"version-history":[{"count":5,"href":"https:\/\/melat.ict-stage.ch\/index.php\/wp-json\/wp\/v2\/pages\/636\/revisions"}],"predecessor-version":[{"id":1211,"href":"https:\/\/melat.ict-stage.ch\/index.php\/wp-json\/wp\/v2\/pages\/636\/revisions\/1211"}],"wp:attachment":[{"href":"https:\/\/melat.ict-stage.ch\/index.php\/wp-json\/wp\/v2\/media?parent=636"}],"curies":[{"name":"wp","href":"https:\/\/api.w.org\/{rel}","templated":true}]}}